{"id":18484,"date":"2025-06-14T15:31:33","date_gmt":"2025-06-14T15:31:33","guid":{"rendered":"https:\/\/homist.ae\/?page_id=18484"},"modified":"2025-07-18T08:31:32","modified_gmt":"2025-07-18T08:31:32","slug":"yatirim-yoluyla-bae-10-yillik-altin-vize","status":"publish","type":"page","link":"https:\/\/homist.ae\/tr\/uae-10-years-golden-visa-through-investment\/","title":{"rendered":"BAE 10 Y\u0131ll\u0131k Alt\u0131n Vize"},"content":{"rendered":"<div data-elementor-type=\"wp-page\" data-elementor-id=\"18484\" class=\"elementor elementor-18484\" data-elementor-post-type=\"page\">\n\t\t\t\t\t\t<section class=\"elementor-section elementor-top-section elementor-element elementor-element-3f0963e elementor-section-boxed elementor-section-height-default elementor-section-height-default\" data-id=\"3f0963e\" data-element_type=\"section\" data-e-type=\"section\">\n\t\t\t\t\t\t<div class=\"elementor-container elementor-column-gap-default\">\n\t\t\t\t\t<div class=\"elementor-column elementor-col-100 elementor-top-column elementor-element elementor-element-fb4394c\" data-id=\"fb4394c\" data-element_type=\"column\" data-e-type=\"column\">\n\t\t\t<div class=\"elementor-widget-wrap\">\n\t\t\t\t\t\t\t<\/div>\n\t\t<\/div>\n\t\t\t\t\t<\/div>\n\t\t<\/section>\n\t\t\t\t<section class=\"elementor-section elementor-top-section elementor-element elementor-element-61379f8 elementor-section-boxed elementor-section-height-default elementor-section-height-default\" data-id=\"61379f8\" data-element_type=\"section\" data-e-type=\"section\">\n\t\t\t\t\t\t<div class=\"elementor-container elementor-column-gap-default\">\n\t\t\t\t\t<div class=\"elementor-column elementor-col-100 elementor-top-column elementor-element elementor-element-b9bb957\" data-id=\"b9bb957\" data-element_type=\"column\" data-e-type=\"column\">\n\t\t\t<div class=\"elementor-widget-wrap elementor-element-populated\">\n\t\t\t\t\t\t<div class=\"elementor-element elementor-element-7a28e49 elementor-widget elementor-widget-text-editor\" data-id=\"7a28e49\" data-element_type=\"widget\" data-e-type=\"widget\" data-widget_type=\"text-editor.default\">\n\t\t\t\t<div class=\"elementor-widget-container\">\n\t\t\t\t\t\t\t\t\t<p><\/p>\n<h1>BAE Alt\u0131n Vize: Eksiksiz K\u0131lavuz 2025 - Uygunluk, Avantajlar ve Ba\u015fvuru S\u00fcreci<\/h1>\n<div>&nbsp;<\/div>\n<h2>BAE Alt\u0131n Vize Nedir?<\/h2>\n<p>Bu <strong>BAE Alt\u0131n Vize<\/strong> bir <strong>uzun s\u00fcreli ikamet vizesi<\/strong> \u00e7ekmek i\u00e7in tan\u0131t\u0131ld\u0131 <strong>k\u00fcresel yat\u0131r\u0131mc\u0131lar, giri\u015fimciler, yetenekli profesyoneller, ara\u015ft\u0131rmac\u0131lar ve se\u00e7kin \u00f6\u011frenciler<\/strong> Birle\u015fik Arap Emirlikleri'ne. Sa\u011flad\u0131\u011f\u0131 hizmetler <strong>5 veya 10 y\u0131ll\u0131k ikamet<\/strong>Yerel bir sponsor veya i\u015fveren gerektirmeden yenilenebilir. Bu da onu d\u00fcnyan\u0131n en cazip ihtisas programlar\u0131ndan biri haline getirmektedir.<\/p>\n<hr>\n<h2>&nbsp;<\/h2>\n<h2>BAE Alt\u0131n Vizesi Neden \u00d6nemlidir?<\/h2>\n<p>Birle\u015fik Arap Emirlikleri kendisini bir <strong>k\u00fcresel i\u0307\u015f merkezi\u0307<\/strong> D\u00fcnya standartlar\u0131nda altyap\u0131, s\u0131f\u0131r ki\u015fisel gelir vergisi ve benzersiz bir ya\u015fam tarz\u0131. Birle\u015fik Krall\u0131k <strong>Alt\u0131n Vize Program\u0131<\/strong> sa\u011flamak i\u00e7in tasarlanm\u0131\u015ft\u0131r <strong>g\u00fcvenlik, istikrar ve yat\u0131r\u0131m f\u0131rsatlar\u0131<\/strong> BAE'de ya\u015famak, \u00e7al\u0131\u015fmak ve b\u00fcy\u00fcmek isteyenler i\u00e7in.<\/p>\n<hr>\n<h2>&nbsp;<\/h2>\n<h2>BAE Alt\u0131n Vizesinin Temel Faydalar\u0131<\/h2>\n<ul>\n<li>\n<p><strong>Uzun S\u00fcreli \u0130kamet<\/strong>: Yenilenebilir se\u00e7eneklerle 5 veya 10 y\u0131ll\u0131k g\u00fcvenli ikamet.<\/p>\n<\/li>\n<li>\n<p><strong>Yerel Sponsor Gerekmiyor<\/strong>: \u0130\u015fveren sponsorlu\u011fu olmadan ba\u011f\u0131ms\u0131z olarak ba\u015fvurun.<\/p>\n<\/li>\n<li>\n<p><strong>Aile Sponsorlu\u011fu<\/strong>: E\u015f, her ya\u015ftan \u00e7ocuklar ve baz\u0131 durumlarda ebeveynler ve karde\u015fler.<\/p>\n<\/li>\n<li>\n<p><strong>Ev \u0130\u015f\u00e7ilerine Sponsor Olun<\/strong>: S\u0131n\u0131rs\u0131z say\u0131da ev personeline izin verilir.<\/p>\n<\/li>\n<li>\n<p><strong>\u00c7oklu Giri\u015f Ayr\u0131cal\u0131klar\u0131<\/strong>: BAE i\u00e7inde ve d\u0131\u015f\u0131nda k\u0131s\u0131tlama olmaks\u0131z\u0131n seyahat edin.<\/p>\n<\/li>\n<li>\n<p><strong>Vergi Avantajlar\u0131<\/strong>: BAE'nin s\u0131f\u0131r ki\u015fisel gelir vergisi rejiminin keyfini \u00e7\u0131kar\u0131n.<\/p>\n<\/li>\n<li>\n<p><strong>Sa\u011fl\u0131k Hizmetlerine Eri\u015fim ve Ayr\u0131cal\u0131klar<\/strong>: \u015eunlardan yararlan\u0131n <strong>Esaad Ayr\u0131cal\u0131k Kart\u0131<\/strong>al\u0131\u015fveri\u015f, seyahat, sa\u011fl\u0131k ve emlak sekt\u00f6rlerinde indirimler sunuyor.<\/p>\n<\/li>\n<\/ul>\n<hr>\n<h2>&nbsp;<\/h2>\n<h2>BAE Golden Visa Uygunlu\u011fu 2025'te<\/h2>\n<p>BAE Alt\u0131n Vizesi birka\u00e7 ba\u015fvuru sahibi kategorisini kapsamaktad\u0131r. A\u015fa\u011f\u0131dakiler <strong>ana eleme kri\u0307terleri\u0307<\/strong>:<\/p>\n<table>\n<thead>\n<tr>\n<th><strong>Kategori<\/strong><\/th>\n<th><strong>Uygunluk Kriterleri<\/strong><\/th>\n<th><strong>Vize Ge\u00e7erlili\u011fi<\/strong><\/th>\n<\/tr>\n<\/thead>\n<tbody>\n<tr>\n<td><strong>Gayrimenkul Yat\u0131r\u0131mc\u0131lar\u0131<\/strong><\/td>\n<td>De\u011ferinde m\u00fclk sahibi olmak <strong>2 milyon AED veya \u00fczeri<\/strong><\/td>\n<td>10 y\u0131l<\/td>\n<\/tr>\n<tr>\n<td><strong>Giri\u015fimciler<\/strong><\/td>\n<td>BAE'de i\u015f \u00fcreten bir \u015firketin kurucusu\/orta\u011f\u0131 <strong>1 milyon AED+ y\u0131ll\u0131k gelir<\/strong> veya 7 milyon AED+ de\u011ferinde giri\u015fim satt\u0131<\/td>\n<td>10 y\u0131l<\/td>\n<\/tr>\n<tr>\n<td><strong>Nitelikli Profesyoneller<\/strong><\/td>\n<td>Lisans derecesi + Uzmanl\u0131k alanlar\u0131nda (\u00f6r. m\u00fchendislik, BT) BAE i\u015fi ile <strong>maa\u015f AED 30,000+<\/strong><\/td>\n<td>10 y\u0131l<\/td>\n<\/tr>\n<tr>\n<td><strong>\u0130cra Direkt\u00f6rleri<\/strong><\/td>\n<td>\u00dcniversite diplomas\u0131 + 5+ y\u0131l deneyim + <strong>50.000 AED+ ayl\u0131k maa\u015f<\/strong><\/td>\n<td>10 y\u0131l<\/td>\n<\/tr>\n<tr>\n<td><strong>\u00dcst\u00fcn Ba\u015far\u0131l\u0131 \u00d6\u011frenciler<\/strong><\/td>\n<td>GPA <strong>\u2265 3.8<\/strong> veya Bakanl\u0131k tavsiyesi<\/td>\n<td>5 veya 10 y\u0131l<\/td>\n<\/tr>\n<tr>\n<td><strong>Uzmanlar &amp; Ara\u015ft\u0131rmac\u0131lar<\/strong><\/td>\n<td>T\u0131p, m\u00fchendislik, k\u00fclt\u00fcr veya BT alanlar\u0131nda doktora veya tan\u0131nm\u0131\u015f uzmanl\u0131k<\/td>\n<td>10 y\u0131l<\/td>\n<\/tr>\n<tr>\n<td><strong>Yeni 2025 Kategorileri<\/strong><\/td>\n<td>Hem\u015fireler (15+ y\u0131ll\u0131k deneyim), okul \u00f6\u011fretmenleri, dijital i\u00e7erik yarat\u0131c\u0131lar\u0131, e-spor profesyonelleri, yat sahipleri<\/td>\n<td>10 y\u0131l<\/td>\n<\/tr>\n<\/tbody>\n<\/table>\n<hr>\n<h2>&nbsp;<\/h2>\n<h2>BAE Alt\u0131n Vizesine Nas\u0131l Ba\u015fvurulur?<\/h2>\n<p>Golden Visa'ya ba\u015fvurmak basittir ve online olarak yap\u0131labilir:<\/p>\n<ol>\n<li>\n<p><strong>Belgeleri Haz\u0131rlay\u0131n<\/strong>: Pasaport, foto\u011fraf, e\u011fitim sertifikalar\u0131, uygunluk belgesi (yat\u0131r\u0131m tapular\u0131, i\u015f s\u00f6zle\u015fmesi, maa\u015f bordrolar\u0131), sa\u011fl\u0131k sigortas\u0131 ve polis izni. Arap\u00e7a olmayan belgeler terc\u00fcme edilmeli ve tasdik edilmelidir.<\/p>\n<\/li>\n<li>\n<p><strong>Ba\u015fvuru G\u00f6nder<\/strong>:<\/p>\n<ul>\n<li>\n<p><a href=\"https:\/\/icp.gov.ae\/\">Federal Kimlik ve Vatanda\u015fl\u0131k Kurumu (ICP)<\/a><\/p>\n<\/li>\n<li>\n<p><a href=\"https:\/\/www.gdrfad.gov.ae\/\">GDRFA Dubai<\/a><\/p>\n<\/li>\n<\/ul>\n<\/li>\n<li>\n<p><strong>\u00dccret \u00d6demeleri<\/strong>: Ortalama maliyet \u015fu aral\u0131klardad\u0131r <strong>AED 8,000-10,000<\/strong>.<\/p>\n<\/li>\n<li>\n<p><strong>T\u0131bbi ve Biyometrik Kontroller<\/strong>: \u0130kamet onay\u0131 i\u00e7in zorunludur.<\/p>\n<\/li>\n<li>\n<p><strong>\u0130kamet ve Emirates Kimli\u011fi Al\u0131n<\/strong>: 5 veya 10 y\u0131l i\u00e7in ge\u00e7erlidir, yenilenebilir.<\/p>\n<\/li>\n<\/ol>\n<hr>\n<h2>&nbsp;<\/h2>\n<h2>Neden 2025'te BAE Alt\u0131n Vizesine Ba\u015fvurmal\u0131s\u0131n\u0131z?<\/h2>\n<p>Bu <strong>Alt\u0131n Vize Program\u0131<\/strong> yat\u0131r\u0131mc\u0131lar, giri\u015fimciler ve vas\u0131fl\u0131 profesyoneller i\u00e7in e\u015fsiz avantajlar sunmaktad\u0131r:<\/p>\n<ul>\n<li>\n<p><strong>Uzun vadeli ikamet istikrar\u0131<\/strong><\/p>\n<\/li>\n<li>\n<p><strong>BAE'de ya\u015fama, \u00e7al\u0131\u015fma ve e\u011fitim \u00f6zg\u00fcrl\u00fc\u011f\u00fc<\/strong><\/p>\n<\/li>\n<li>\n<p><strong>Aile ve personel sponsorluk se\u00e7enekleri<\/strong><\/p>\n<\/li>\n<li>\n<p><strong>Vergisiz gelir ve yat\u0131r\u0131m dostu politikalar<\/strong><\/p>\n<\/li>\n<li>\n<p><strong>Premium ya\u015fam tarz\u0131 ve birinci s\u0131n\u0131f sa\u011fl\u0131k hizmetleri<\/strong><\/p>\n<\/li>\n<\/ul>\n<hr>\n<h3>&nbsp;<\/h3>\n<h3>\u00d6zet: Golden Visa Pathways<\/h3>\n<table>\n<thead>\n<tr>\n<th><strong>Yol<\/strong><\/th>\n<th><strong>Minimum Gereksinim<\/strong><\/th>\n<th><strong>Ge\u00e7erlilik<\/strong><\/th>\n<\/tr>\n<\/thead>\n<tbody>\n<tr>\n<td>Gayrimenkul Yat\u0131r\u0131mc\u0131s\u0131<\/td>\n<td>2 milyon AED tutar\u0131nda m\u00fclk yat\u0131r\u0131m\u0131<\/td>\n<td>10 y\u0131l<\/td>\n<\/tr>\n<tr>\n<td>Giri\u015fimci<\/td>\n<td>AED 1M+ KOB\u0130 geliri<\/td>\n<td>10 y\u0131l<\/td>\n<\/tr>\n<tr>\n<td>Nitelikli Profesyonel<\/td>\n<td>30.000 AED maa\u015f + derece<\/td>\n<td>10 y\u0131l<\/td>\n<\/tr>\n<tr>\n<td>\u0130cra Direkt\u00f6r\u00fc<\/td>\n<td>50.000 AED maa\u015f + 5 y\u0131l deneyim<\/td>\n<td>10 y\u0131l<\/td>\n<\/tr>\n<tr>\n<td>\u00dcst\u00fcn Ba\u015far\u0131l\u0131 \u00d6\u011frenci<\/td>\n<td>Not ortalamas\u0131 \u2265 3.8 veya Bakanl\u0131k tavsiyesi<\/td>\n<td>5-10 y\u0131l<\/td>\n<\/tr>\n<\/tbody>\n<\/table>\n<hr>\n<h2>&nbsp;<\/h2>\n<hr>\t\t\t\t\t\t\t\t<\/div>\n\t\t\t\t<\/div>\n\t\t\t\t\t<\/div>\n\t\t<\/div>\n\t\t\t\t\t<\/div>\n\t\t<\/section>\n\t\t\t\t<\/div>","protected":false},"excerpt":{"rendered":"<p>UAE Golden Visa: Complete Guide 2025 \u2013 Eligibility, Benefits &amp; Application Process &nbsp; What Is the UAE Golden Visa? The UAE Golden Visa is a long-term residency visa introduced to attract global investors, entrepreneurs, skilled professionals, researchers, and outstanding students to the United Arab Emirates. It provides residency for 5 or 10 years, renewable without [&hellip;]<\/p>\n","protected":false},"author":1,"featured_media":20511,"parent":0,"menu_order":0,"comment_status":"closed","ping_status":"closed","template":"elementor_header_footer","meta":{"_acf_changed":false,"_seopress_robots_primary_cat":"","_seopress_titles_title":"","_seopress_titles_desc":"","_seopress_robots_index":"","footnotes":""},"class_list":["post-18484","page","type-page","status-publish","has-post-thumbnail","hentry"],"acf":[],"_links":{"self":[{"href":"https:\/\/homist.ae\/tr\/wp-json\/wp\/v2\/pages\/18484","targetHints":{"allow":["GET"]}}],"collection":[{"href":"https:\/\/homist.ae\/tr\/wp-json\/wp\/v2\/pages"}],"about":[{"href":"https:\/\/homist.ae\/tr\/wp-json\/wp\/v2\/types\/page"}],"author":[{"embeddable":true,"href":"https:\/\/homist.ae\/tr\/wp-json\/wp\/v2\/users\/1"}],"replies":[{"embeddable":true,"href":"https:\/\/homist.ae\/tr\/wp-json\/wp\/v2\/comments?post=18484"}],"version-history":[{"count":0,"href":"https:\/\/homist.ae\/tr\/wp-json\/wp\/v2\/pages\/18484\/revisions"}],"wp:featuredmedia":[{"embeddable":true,"href":"https:\/\/homist.ae\/tr\/wp-json\/wp\/v2\/media\/20511"}],"wp:attachment":[{"href":"https:\/\/homist.ae\/tr\/wp-json\/wp\/v2\/media?parent=18484"}],"curies":[{"name":"wp","href":"https:\/\/api.w.org\/{rel}","templated":true}]}}