{"id":17149,"date":"2020-03-02T23:33:27","date_gmt":"2020-03-02T23:33:27","guid":{"rendered":"https:\/\/demo01.houzez.co\/?page_id=17149"},"modified":"2025-06-21T07:42:51","modified_gmt":"2025-06-21T07:42:51","slug":"homist-gayri%cc%87menkulde-i%cc%87s-i%cc%87lanlari","status":"publish","type":"page","link":"https:\/\/homist.ae\/tr\/jobs-at-homist-real-estate-agent\/","title":{"rendered":"Homist'te \u0130\u015f Olanaklar\u0131"},"content":{"rendered":"<div data-elementor-type=\"wp-page\" data-elementor-id=\"17149\" class=\"elementor elementor-17149\" data-elementor-post-type=\"page\">\n\t\t\t\t<div class=\"elementor-element elementor-element-9d93bab e-flex e-con-boxed e-con e-parent\" data-id=\"9d93bab\" data-element_type=\"container\" data-e-type=\"container\">\n\t\t\t\t\t<div class=\"e-con-inner\">\n\t\t<div class=\"elementor-element elementor-element-138566c e-con-full e-flex e-con e-child\" data-id=\"138566c\" data-element_type=\"container\" data-e-type=\"container\">\n\t\t\t\t<div class=\"elementor-element elementor-element-ef1d0e7 elementor-widget elementor-widget-text-editor\" data-id=\"ef1d0e7\" data-element_type=\"widget\" data-e-type=\"widget\" data-widget_type=\"text-editor.default\">\n\t\t\t\t<div class=\"elementor-widget-container\">\n\t\t\t\t\t\t\t\t\t<h4 class=\"wp-block-heading\">Gayrimenkul Sat\u0131\u015f Uzman\u0131 | Rus\u00e7a Konu\u015fan \/ \u00c7ince Konu\u015fan<\/h4><p>Dubai'de yenilik\u00e7i bir emlak arac\u0131l\u0131k firmas\u0131 olan Realty Homist, dinamik ekibimize kat\u0131lmak \u00fczere y\u00fcksek motivasyonlu ve sonu\u00e7 odakl\u0131 bir Sat\u0131\u015f Uzman\u0131 (\u00c7ince veya Rus\u00e7a Konu\u015fan) ar\u0131yor.<\/p><p>\u0130deal aday, m\u00fckemmel ileti\u015fim ve ki\u015fileraras\u0131 becerilere, sosyal medya pazarlama bilgisine, g\u00fc\u00e7l\u00fc bir i\u015f ahlak\u0131na ve gayrimenkul sat\u0131\u015f\u0131na y\u00f6nelik bir tutkuya sahip olacakt\u0131r.<\/p><p>Realty Homist'te Sat\u0131\u015f Uzman\u0131 olarak, m\u00fc\u015fterilerle ili\u015fkiler geli\u015ftirmek ve s\u00fcrd\u00fcrmekten, onlar\u0131n ihtiya\u00e7lar\u0131n\u0131 ve tercihlerini belirlemekten ve kriterlerine uygun m\u00fclkleri onlara sunmaktan sorumlu olacaks\u0131n\u0131z. M\u00fclk incelemeleri yapacak, anla\u015fmalar i\u00e7in pazarl\u0131k yapacak ve sat\u0131\u015f s\u00fcreci boyunca ola\u011fan\u00fcst\u00fc m\u00fc\u015fteri hizmetleri sunacaks\u0131n\u0131z.<\/p><p>Bu pozisyon i\u00e7in de\u011ferlendirilmek \u00fczere, tercihen emlak sekt\u00f6r\u00fcnde olmak \u00fczere sat\u0131\u015f alan\u0131nda kan\u0131tlanm\u0131\u015f bir ge\u00e7mi\u015fe sahip olmal\u0131s\u0131n\u0131z. Ayr\u0131ca Dubai emlak piyasas\u0131 hakk\u0131nda derin bir anlay\u0131\u015fa, m\u00fckemmel sunum becerilerine ve h\u0131zl\u0131 tempolu, son tarih odakl\u0131 bir ortamda etkili bir \u015fekilde \u00e7al\u0131\u015fma yetene\u011fine sahip olmal\u0131s\u0131n\u0131z.<\/p><p>* Rus\u00e7a veya \u00c7ince konu\u015fmak bir zorunluluktur.<\/p><p>* Ge\u00e7erli bir BAE ehliyeti gereklidir.<\/p><p>Bunun kar\u015f\u0131l\u0131\u011f\u0131nda Realty Homist son derece cazip bir komisyon yap\u0131s\u0131, kapsaml\u0131 bir e\u011fitim ve destekleyici bir ekip k\u00fclt\u00fcr\u00fc sunuyor. Kariyerinizi bir \u00fcst seviyeye ta\u015f\u0131mak isteyen tutkulu, azimli bir sat\u0131\u015f profesyoneliyseniz, bug\u00fcn ba\u015fvurman\u0131z\u0131 \u00f6neririz.<\/p><p>                    <\/p><p>L\u00fctfen CV'nizi g\u00f6nderin: career@homist.ae<\/p>\t\t\t\t\t\t\t\t<\/div>\n\t\t\t\t<\/div>\n\t\t\t\t<\/div>\n\t\t\t\t\t<\/div>\n\t\t\t\t<\/div>\n\t\t\t\t<\/div>","protected":false},"excerpt":{"rendered":"<p>Real Estate Sales Expert | Russian Speaking \/ Chinese Speaking Realty Homist, an innovative real estate brokerage firm in Dubai, is seeking a highly motivated and results-driven Sales Professional (Chinese or Russian Speaking) to join our dynamic team. The ideal candidate will possess excellent communication and interpersonal skills, knowledge of social media marketing, a strong [&hellip;]<\/p>\n","protected":false},"author":1,"featured_media":0,"parent":0,"menu_order":0,"comment_status":"closed","ping_status":"closed","template":"","meta":{"_acf_changed":false,"_seopress_robots_primary_cat":"","_seopress_titles_title":"","_seopress_titles_desc":"","_seopress_robots_index":"","footnotes":""},"class_list":["post-17149","page","type-page","status-publish","hentry"],"acf":[],"_links":{"self":[{"href":"https:\/\/homist.ae\/tr\/wp-json\/wp\/v2\/pages\/17149","targetHints":{"allow":["GET"]}}],"collection":[{"href":"https:\/\/homist.ae\/tr\/wp-json\/wp\/v2\/pages"}],"about":[{"href":"https:\/\/homist.ae\/tr\/wp-json\/wp\/v2\/types\/page"}],"author":[{"embeddable":true,"href":"https:\/\/homist.ae\/tr\/wp-json\/wp\/v2\/users\/1"}],"replies":[{"embeddable":true,"href":"https:\/\/homist.ae\/tr\/wp-json\/wp\/v2\/comments?post=17149"}],"version-history":[{"count":0,"href":"https:\/\/homist.ae\/tr\/wp-json\/wp\/v2\/pages\/17149\/revisions"}],"wp:attachment":[{"href":"https:\/\/homist.ae\/tr\/wp-json\/wp\/v2\/media?parent=17149"}],"curies":[{"name":"wp","href":"https:\/\/api.w.org\/{rel}","templated":true}]}}