{"id":16260,"date":"2016-02-02T16:59:47","date_gmt":"2016-02-02T16:59:47","guid":{"rendered":"https:\/\/sandbox.favethemes.com\/houzez\/?page_id=70"},"modified":"2025-06-22T17:48:25","modified_gmt":"2025-06-22T17:48:25","slug":"haberler-trendler-dubai%cc%87-emlak-pi%cc%87yasasi-hakkinda-i%cc%87cgorule","status":"publish","type":"page","link":"https:\/\/homist.ae\/tr\/news-trends-insights-on-dubai-property-market\/","title":{"rendered":"\u0130\u00e7g\u00f6r\u00fcler, Haberler ve Trendler"},"content":{"rendered":"","protected":false},"excerpt":{"rendered":"","protected":false},"author":1,"featured_media":0,"parent":0,"menu_order":0,"comment_status":"closed","ping_status":"closed","template":"","meta":{"_acf_changed":false,"_seopress_robots_primary_cat":"","_seopress_titles_title":"","_seopress_titles_desc":"","_seopress_robots_index":"","footnotes":""},"class_list":["post-16260","page","type-page","status-publish","hentry"],"acf":[],"_links":{"self":[{"href":"https:\/\/homist.ae\/tr\/wp-json\/wp\/v2\/pages\/16260","targetHints":{"allow":["GET"]}}],"collection":[{"href":"https:\/\/homist.ae\/tr\/wp-json\/wp\/v2\/pages"}],"about":[{"href":"https:\/\/homist.ae\/tr\/wp-json\/wp\/v2\/types\/page"}],"author":[{"embeddable":true,"href":"https:\/\/homist.ae\/tr\/wp-json\/wp\/v2\/users\/1"}],"replies":[{"embeddable":true,"href":"https:\/\/homist.ae\/tr\/wp-json\/wp\/v2\/comments?post=16260"}],"version-history":[{"count":0,"href":"https:\/\/homist.ae\/tr\/wp-json\/wp\/v2\/pages\/16260\/revisions"}],"wp:attachment":[{"href":"https:\/\/homist.ae\/tr\/wp-json\/wp\/v2\/media?parent=16260"}],"curies":[{"name":"wp","href":"https:\/\/api.w.org\/{rel}","templated":true}]}}